{"id":2,"date":"2025-11-18T18:31:14","date_gmt":"2025-11-18T18:31:14","guid":{"rendered":"https:\/\/fisica.uaz.edu.mx\/jorgevargas\/?page_id=2"},"modified":"2026-03-04T22:36:06","modified_gmt":"2026-03-04T22:36:06","slug":"produccioncientificayhumanistica","status":"publish","type":"page","link":"https:\/\/fisica.uaz.edu.mx\/jorgevargas\/produccioncientificayhumanistica\/","title":{"rendered":"Producci\u00f3n Cient\u00edfica y Human\u00edstica"},"content":{"rendered":"\n<p>Febrero 2024: ACS Catalysis 14, 4709-4718<\/p>\n\n\n\n<p>Z. Kong, Z-P Wu, Y. Maswadeh, G. Yu J. A. Vargas, D. Caracciolo, V.<br>Petkov, S-Q Zang, L. Tao, S. Wang, C-J Zhong<br>Sel-Sustainable Lattice Strains of Morphology-Tuned Nanowires<br>Electrocatalysis<\/p>\n\n\n\n<hr class=\"wp-block-separator has-alpha-channel-opacity is-style-dots\"\/>\n\n\n\n<p class=\"has-text-align-right\">Febrero 2023: Journal of Physical Chemistry C 127, 3047-3058<\/p>\n\n\n\n<p class=\"has-text-align-right\">E. Yildirim, R. K. Ramamoorthy, R. Parmar, P. Roblin J. A. Vargas, V.<br>Petkov, A. Diaz, S. Checchia, I. Rodriguez, L-M Lacroix, G. Viau<br>Simple Synthesis of Monodisperse Ultrasmall Au Icosahedral<br>Nanoparticles<\/p>\n\n\n\n<hr class=\"wp-block-separator has-alpha-channel-opacity is-style-dots\"\/>\n\n\n\n<p class=\"has-text-align-left\">Agosto 2021: Physical Chemistry Chemical Physics 23, 18678-18685<\/p>\n\n\n\n<p>S. Akter, J. A. Vargas, K. Sharkas, J. E. Peralta, K. A. Jackson, T. Baruah,<br>R. R. Zope<br>How well do self-interaction corrections repair the overestimation of<br>molecular polarizabilities in density functional calculations?<\/p>\n\n\n\n<hr class=\"wp-block-separator has-alpha-channel-opacity is-style-dots\"\/>\n\n\n\n<p class=\"has-text-align-right\">Abril 2021: ACS Catalysis 11, 5525-5531<\/p>\n\n\n\n<p class=\"has-text-align-right\">E. Lee, K. A. Kuttiyiel, K-H Kim, J. Jang, H. J. Lee, J. M. Lee, M. H. Seo, T-<br>H Yang, S-D Yim, J. A. Vargas, V. Petkov, K. Sasaki, R. R. Adzic, G-G Park<\/p>\n\n\n\n<p class=\"has-text-align-right\">High Pressure Nitrogen-Infused Ultrastable Fuel Cell Catalyst for Oxygen<br>Reduction Reaction<\/p>\n\n\n\n<hr class=\"wp-block-separator has-alpha-channel-opacity is-style-dots\"\/>\n\n\n\n<p>Febrero 2021: Nature Communications 12, 859<\/p>\n\n\n\n<p>Z. P. Wu, D. T. Caracciolo, Y. Maswadeh, J. Wen, Z. Kong, S. Shan, J. A.<br>Vargas, S. Yan, E. Hopkins, K. Park, A. Sharma, Y. Ren, V. Petkov, L.<br>Wang, C. J. Zhong<br>Alloying\u2013realloying enabled high durability for Pt\u2013Pd-3d-transition metal<br>nanoparticle fuel cell catalysts<\/p>\n\n\n\n<hr class=\"wp-block-separator has-alpha-channel-opacity is-style-dots\"\/>\n\n\n\n<p class=\"has-text-align-right\">Febrero 2021: Journal of Molecular Liquids 329, 115528<\/p>\n\n\n\n<p class=\"has-text-align-right\">C. A. Celaya, L. F. Hern\u00e1ndez Ayala, F. Buend\u00eda, J. A. Vargas, M. Reina<br>Adsorption of melphalan anticancer drug on C24, B12N12, B12C6N6,<br>B6C12N12 and B6C6N12 nanocages: A comparative DFT study<\/p>\n\n\n\n<p><\/p>\n\n\n\n<div class=\"wp-block-buttons is-content-justification-center is-layout-flex wp-container-core-buttons-is-layout-16018d1d wp-block-buttons-is-layout-flex\">\n<div class=\"wp-block-button\"><a class=\"wp-block-button__link wp-element-button\" href=\"https:\/\/fisica.uaz.edu.mx\/jorgevargas\/wp-content\/uploads\/sites\/8\/2026\/02\/CV-Vargas-Tellez-Jorge-Alberto.pdf\">Ver todas las publicaciones<\/a><\/div>\n<\/div>\n","protected":false},"excerpt":{"rendered":"<p>Febrero 2024: ACS Catalysis 14, 4709-4718 Z. Kong, Z-P Wu, Y. Maswadeh, G. Yu J. A. Vargas, D. Caracciolo, V.Petkov, S-Q Zang, L. Tao, S. Wang, C-J ZhongSel-Sustainable Lattice Strains of Morphology-Tuned NanowiresElectrocatalysis Febrero 2023: Journal of Physical Chemistry C 127, 3047-3058 E. Yildirim, R. K. Ramamoorthy, R. Parmar, P. Roblin J. A. Vargas, V.Petkov,&hellip;<\/p>\n","protected":false},"author":6,"featured_media":0,"parent":0,"menu_order":0,"comment_status":"closed","ping_status":"open","template":"","meta":{"footnotes":""},"class_list":["post-2","page","type-page","status-publish","hentry"],"_links":{"self":[{"href":"https:\/\/fisica.uaz.edu.mx\/jorgevargas\/wp-json\/wp\/v2\/pages\/2","targetHints":{"allow":["GET"]}}],"collection":[{"href":"https:\/\/fisica.uaz.edu.mx\/jorgevargas\/wp-json\/wp\/v2\/pages"}],"about":[{"href":"https:\/\/fisica.uaz.edu.mx\/jorgevargas\/wp-json\/wp\/v2\/types\/page"}],"author":[{"embeddable":true,"href":"https:\/\/fisica.uaz.edu.mx\/jorgevargas\/wp-json\/wp\/v2\/users\/6"}],"replies":[{"embeddable":true,"href":"https:\/\/fisica.uaz.edu.mx\/jorgevargas\/wp-json\/wp\/v2\/comments?post=2"}],"version-history":[{"count":8,"href":"https:\/\/fisica.uaz.edu.mx\/jorgevargas\/wp-json\/wp\/v2\/pages\/2\/revisions"}],"predecessor-version":[{"id":104,"href":"https:\/\/fisica.uaz.edu.mx\/jorgevargas\/wp-json\/wp\/v2\/pages\/2\/revisions\/104"}],"wp:attachment":[{"href":"https:\/\/fisica.uaz.edu.mx\/jorgevargas\/wp-json\/wp\/v2\/media?parent=2"}],"curies":[{"name":"wp","href":"https:\/\/api.w.org\/{rel}","templated":true}]}}