{"id":2,"date":"2025-11-25T23:22:46","date_gmt":"2025-11-25T23:22:46","guid":{"rendered":"https:\/\/fisica.uaz.edu.mx\/josejuanortega\/?page_id=2"},"modified":"2026-03-13T00:35:02","modified_gmt":"2026-03-13T00:35:02","slug":"pagina-ejemplo","status":"publish","type":"page","link":"https:\/\/fisica.uaz.edu.mx\/josejuanortega\/pagina-ejemplo\/","title":{"rendered":"Producci\u00f3n cient\u00edfica y Human\u00edstica"},"content":{"rendered":"\n<p><strong>FUNGAL BIOSYNTHESIS OF GOLD NANOPARTICLES WITH SPORICIDAL ACTIVITY AGAINST BACTERIAL ENDOSPORES <\/strong><strong>GREEN CHEMISTRY LETTERS AND REVIEWS<\/strong><\/p>\n\n\n\n<p><strong>A\u00f1o: <\/strong>2024<\/p>\n\n\n\n<p><strong>Objetivo: <\/strong>Investigaci\u00f3n<\/p>\n\n\n\n<p><strong>Estado: <\/strong>Publicado<\/p>\n\n\n\n<p><strong>Rol de participaci\u00f3n: <\/strong>Co-autor (a)<\/p>\n\n\n\n<p><strong>ISSN impreso: <\/strong>1751-8253<\/p>\n\n\n\n<p><strong>ISSN electr\u00f3nico: <\/strong>1751-7192<\/p>\n\n\n\n<p><strong>DOI: <\/strong>https:\/\/doi.org\/10.1080\/17518253.2024.2360489<\/p>\n\n\n\n<p><strong>Autor(es): <\/strong>Jes\u00fas G\u00fazman Moreno , Rosa Mar\u00eda Ram\u00edrez -Santoyo , Jos\u00e9 Juan Ortega Sigala , Carlos \u00c1ngeles Ch\u00e1vez , Vicente Rodr\u00edguez Gonz\u00e1lez , Candelario Rodr\u00edguez Serrano , Araceli Patr\u00f3n Soberano , Gabriela I de \u00c1vila Araiza , Fernando Luna \u00c1lvarez , Luz Elena Vidales Rodr\u00edguez<\/p>\n\n\n\n<p><\/p>\n","protected":false},"excerpt":{"rendered":"<p>FUNGAL BIOSYNTHESIS OF GOLD NANOPARTICLES WITH SPORICIDAL ACTIVITY AGAINST BACTERIAL ENDOSPORES GREEN CHEMISTRY LETTERS AND REVIEWS A\u00f1o: 2024 Objetivo: Investigaci\u00f3n Estado: Publicado Rol de participaci\u00f3n: Co-autor (a) ISSN impreso: 1751-8253 ISSN electr\u00f3nico: 1751-7192 DOI: https:\/\/doi.org\/10.1080\/17518253.2024.2360489 Autor(es): Jes\u00fas G\u00fazman Moreno , Rosa Mar\u00eda Ram\u00edrez -Santoyo , Jos\u00e9 Juan Ortega Sigala , Carlos \u00c1ngeles Ch\u00e1vez , Vicente&hellip;<\/p>\n","protected":false},"author":8,"featured_media":0,"parent":0,"menu_order":0,"comment_status":"closed","ping_status":"closed","template":"","meta":{"footnotes":""},"class_list":["post-2","page","type-page","status-publish","hentry"],"_links":{"self":[{"href":"https:\/\/fisica.uaz.edu.mx\/josejuanortega\/wp-json\/wp\/v2\/pages\/2","targetHints":{"allow":["GET"]}}],"collection":[{"href":"https:\/\/fisica.uaz.edu.mx\/josejuanortega\/wp-json\/wp\/v2\/pages"}],"about":[{"href":"https:\/\/fisica.uaz.edu.mx\/josejuanortega\/wp-json\/wp\/v2\/types\/page"}],"author":[{"embeddable":true,"href":"https:\/\/fisica.uaz.edu.mx\/josejuanortega\/wp-json\/wp\/v2\/users\/8"}],"replies":[{"embeddable":true,"href":"https:\/\/fisica.uaz.edu.mx\/josejuanortega\/wp-json\/wp\/v2\/comments?post=2"}],"version-history":[{"count":3,"href":"https:\/\/fisica.uaz.edu.mx\/josejuanortega\/wp-json\/wp\/v2\/pages\/2\/revisions"}],"predecessor-version":[{"id":43,"href":"https:\/\/fisica.uaz.edu.mx\/josejuanortega\/wp-json\/wp\/v2\/pages\/2\/revisions\/43"}],"wp:attachment":[{"href":"https:\/\/fisica.uaz.edu.mx\/josejuanortega\/wp-json\/wp\/v2\/media?parent=2"}],"curies":[{"name":"wp","href":"https:\/\/api.w.org\/{rel}","templated":true}]}}