{"id":46,"date":"2026-03-24T19:04:26","date_gmt":"2026-03-24T19:04:26","guid":{"rendered":"https:\/\/fisica.uaz.edu.mx\/josejuanortega\/?page_id=46"},"modified":"2026-03-24T19:04:26","modified_gmt":"2026-03-24T19:04:26","slug":"produccion-tecnologica","status":"publish","type":"page","link":"https:\/\/fisica.uaz.edu.mx\/josejuanortega\/produccion-tecnologica\/","title":{"rendered":"PRODUCCI\u00d3N TECNOL\u00d3GICA"},"content":{"rendered":"\n<h2 class=\"wp-block-heading\">PROPIEDADES INTELECTUALES<\/h2>\n\n\n\n<p>SISTEMA PARA INCREMENTAR LA POTENCIA FOTOVOLTAICA<\/p>\n\n\n\n<p><strong>N\u00famero de solicitud:<\/strong> 008085<\/p>\n\n\n\n<p><strong>Fecha de solicitud:<\/strong> 2017-06-08<\/p>\n\n\n\n<p><strong>Resumen: <\/strong>Esta invenci\u00f3n se refiere a un sistema para incrementar la potencia fotovoltaica al que se refiere la invenci\u00f3n permite aumentar el aprovechamiento de la energ\u00eda solar con tres elementos principales. Se incrementa la cantidad de energ\u00eda solar que se recibe en el panel fotovoltaico al mantener las c\u00e9lulas fotovoltaicas perpendiculares a los rayos del sol en todo momento. Por otra parte se incrementa la eficiencia del panel fotovoltaico mediante un sistema de enfriamiento proporcionado por agua que fluye en canales de policarbonato ubicado en la parte posterior del panel. El sistema tendr\u00e1 un doble prop\u00f3sito, generar energ\u00eda el\u00e9ctrica e incrementar la temperatura del agua que se usa para refrigeraci\u00f3n. El agua puede ser utilizada en sistemas hidrop\u00f3nicos, calefacci\u00f3n de sistemas de biog\u00e1s, calefacci\u00f3n de piscinas, etc.<\/p>\n\n\n\n<p><strong>Estado:<\/strong> Solicitada en examen de forma<\/p>\n\n\n\n<p><strong>Solicitante(s) \/ Titular(es): <\/strong>Arqu\u00edmides Ortiz Rivera, Arturo Agust\u00edn Ortiz Hernandez, Jos\u00e9 Juan Ortega Sigala, Christian Abraham Almaraz de Horta, H\u00e9ctor Rene Vega Carrillo, Gerardo Armenta Dorado, Jos\u00e9 Luis Carrera Escobedo, Jos\u00e9 Manuel Robles Sol\u00eds, Jos\u00e9 Roberto Espinoza Lumbreras, Mario Alberto Garc\u00eda Ruiz, Mar\u00eda Auxiliadora Araiza Esquivel.<\/p>\n\n\n\n<p><a href=\"https:\/\/tlapiakali.conahcyt.mx\/s\/aFSTdrAX2z9JoKE\" target=\"_blank\" rel=\"noreferrer noopener\">Ver documento<\/a><\/p>\n\n\n\n<p><\/p>\n","protected":false},"excerpt":{"rendered":"<p>PROPIEDADES INTELECTUALES SISTEMA PARA INCREMENTAR LA POTENCIA FOTOVOLTAICA N\u00famero de solicitud: 008085 Fecha de solicitud: 2017-06-08 Resumen: Esta invenci\u00f3n se refiere a un sistema para incrementar la potencia fotovoltaica al que se refiere la invenci\u00f3n permite aumentar el aprovechamiento de la energ\u00eda solar con tres elementos principales. Se incrementa la cantidad de energ\u00eda solar que&hellip;<\/p>\n","protected":false},"author":2,"featured_media":0,"parent":0,"menu_order":0,"comment_status":"closed","ping_status":"closed","template":"","meta":{"footnotes":""},"class_list":["post-46","page","type-page","status-publish","hentry"],"_links":{"self":[{"href":"https:\/\/fisica.uaz.edu.mx\/josejuanortega\/wp-json\/wp\/v2\/pages\/46","targetHints":{"allow":["GET"]}}],"collection":[{"href":"https:\/\/fisica.uaz.edu.mx\/josejuanortega\/wp-json\/wp\/v2\/pages"}],"about":[{"href":"https:\/\/fisica.uaz.edu.mx\/josejuanortega\/wp-json\/wp\/v2\/types\/page"}],"author":[{"embeddable":true,"href":"https:\/\/fisica.uaz.edu.mx\/josejuanortega\/wp-json\/wp\/v2\/users\/2"}],"replies":[{"embeddable":true,"href":"https:\/\/fisica.uaz.edu.mx\/josejuanortega\/wp-json\/wp\/v2\/comments?post=46"}],"version-history":[{"count":1,"href":"https:\/\/fisica.uaz.edu.mx\/josejuanortega\/wp-json\/wp\/v2\/pages\/46\/revisions"}],"predecessor-version":[{"id":47,"href":"https:\/\/fisica.uaz.edu.mx\/josejuanortega\/wp-json\/wp\/v2\/pages\/46\/revisions\/47"}],"wp:attachment":[{"href":"https:\/\/fisica.uaz.edu.mx\/josejuanortega\/wp-json\/wp\/v2\/media?parent=46"}],"curies":[{"name":"wp","href":"https:\/\/api.w.org\/{rel}","templated":true}]}}